{"id":2,"date":"2026-05-11T19:14:46","date_gmt":"2026-05-11T19:14:46","guid":{"rendered":"http:\/\/retour-affectif-puissant.com\/?page_id=2"},"modified":"2026-05-11T19:14:46","modified_gmt":"2026-05-11T19:14:46","slug":"retour-de-letre-aime-rapide-de-la-magie-blanche-damour","status":"publish","type":"page","link":"https:\/\/retour-affectif-puissant.com\/index.php\/retour-de-letre-aime-rapide-de-la-magie-blanche-damour\/","title":{"rendered":"Rituel puissant de retour de l&rsquo;\u00eatre aim\u00e9"},"content":{"rendered":"\t\t<div data-elementor-type=\"wp-page\" data-elementor-id=\"2\" class=\"elementor elementor-2\">\n\t\t\t\t\t\t<section class=\"elementor-section elementor-top-section elementor-element elementor-element-58a150ac elementor-section-boxed elementor-section-height-default elementor-section-height-default\" data-id=\"58a150ac\" data-element_type=\"section\" data-e-type=\"section\">\n\t\t\t\t\t\t<div class=\"elementor-container elementor-column-gap-default\">\n\t\t\t\t\t<div class=\"elementor-column elementor-col-100 elementor-top-column elementor-element elementor-element-1dbd641\" data-id=\"1dbd641\" data-element_type=\"column\" data-e-type=\"column\">\n\t\t\t<div class=\"elementor-widget-wrap elementor-element-populated\">\n\t\t\t\t\t\t<div class=\"elementor-element elementor-element-baa826a elementor-widget elementor-widget-heading\" data-id=\"baa826a\" data-element_type=\"widget\" data-e-type=\"widget\" data-widget_type=\"heading.default\">\n\t\t\t\t<div class=\"elementor-widget-container\">\n\t\t\t\t\t<h1 class=\"elementor-heading-title elementor-size-default\">Rituel puissant de retour de l'\u00eatre aim\u00e9 <\/h1>\t\t\t\t<\/div>\n\t\t\t\t<\/div>\n\t\t\t\t<div class=\"elementor-element elementor-element-79f124e7 elementor-widget elementor-widget-text-editor\" data-id=\"79f124e7\" data-element_type=\"widget\" data-e-type=\"widget\" data-widget_type=\"text-editor.default\">\n\t\t\t\t<div class=\"elementor-widget-container\">\n\t\t\t\t\t\t\t\t\t\n<p>Pour commencer ce rituel puissant de retour de l&rsquo;\u00eatre aim\u00e9 fait partie des plus grand rituel principal demander par l&rsquo;homme ou la femme pour sauver son couple.<\/p>\n<div class=\"wp-block-image\">\n<figure class=\"aligncenter size-full is-resized\"><img fetchpriority=\"high\" decoding=\"async\" width=\"267\" height=\"188\" class=\"wp-image-1473\" style=\"width: 650px; height: 170px;\" src=\"https:\/\/retour-affectif-puissant.com\/wp-content\/uploads\/2022\/09\/telechargement-2.jpg\" alt=\"\" \/><\/figure>\n<\/div>\n<blockquote class=\"wp-block-quote is-layout-flow wp-block-quote-is-layout-flow\">\n<p>Premi\u00e8rement beaucoup de couple on des s\u00e9paration \u00e0 cause simple manque d&rsquo;affection ou parfois par l\u2019infid\u00e9lit\u00e9 ou d&rsquo;autre probl\u00e8me. Mais par se m\u00eame rituel beaucoup son d\u00e9courager parce qu&rsquo;ils ont tout faire pour ramener leur conjoint mais ils n&rsquo;ont jamais eu de retour. Mais laisser moi vous dire vous avez encore une seconde chance pour rattraper se qui a \u00e9t\u00e9 perdue depuis un certains temps.<\/p>\n<\/blockquote>\n<hr class=\"wp-block-separator has-alpha-channel-opacity\" \/>\n<div class=\"wp-block-columns is-layout-flex wp-container-core-columns-is-layout-28f84493 wp-block-columns-is-layout-flex\">\n<div class=\"wp-block-column is-layout-flow wp-block-column-is-layout-flow\">\n<p>En effet le retour de l&rsquo;\u00eatre aim\u00e9, si vous pensez qu&rsquo;il n&rsquo;y a plus de solution \u00e0 vos probl\u00e8mes. Alors sachez que je peux encore vous aider \u00e0 trouver la solution adapt\u00e9e. Tr\u00e8s connu pour mon excellent travail et l&rsquo;efficacit\u00e9 de mes dons. Je poss\u00e8de une bonne r\u00e9putation dans le but de trouver une solution \u00e0 vos probl\u00e8mes d&rsquo;amour.<\/p>\n<\/div>\n\n<div class=\"wp-block-column is-layout-flow wp-block-column-is-layout-flow\">\n<figure class=\"wp-block-image size-large\"><img decoding=\"async\" width=\"1024\" height=\"576\" class=\"wp-image-1471\" src=\"https:\/\/retour-affectif-puissant.com\/wp-content\/uploads\/2022\/09\/2021-08-03-1-1024x576.jpg\" alt=\"\" srcset=\"https:\/\/retour-affectif-puissant.com\/wp-content\/uploads\/2022\/09\/2021-08-03-1-1024x576.jpg 1024w, https:\/\/retour-affectif-puissant.com\/wp-content\/uploads\/2022\/09\/2021-08-03-1-600x338.jpg 600w, https:\/\/retour-affectif-puissant.com\/wp-content\/uploads\/2022\/09\/2021-08-03-1-300x169.jpg 300w, https:\/\/retour-affectif-puissant.com\/wp-content\/uploads\/2022\/09\/2021-08-03-1-768x432.jpg 768w, https:\/\/retour-affectif-puissant.com\/wp-content\/uploads\/2022\/09\/2021-08-03-1.jpg 1080w\" sizes=\"(max-width: 1024px) 100vw, 1024px\" \/><\/figure>\n<\/div>\n<\/div>\n<hr class=\"wp-block-separator has-alpha-channel-opacity\" \/>\n<h2 class=\"wp-block-heading\">Comment r\u00e9cup\u00e9rer l&rsquo;\u00eatre aim\u00e9 gr\u00e2ce \u00e0 un rituel puissant<\/h2>\n\n<div class=\"wp-block-columns is-layout-flex wp-container-core-columns-is-layout-28f84493 wp-block-columns-is-layout-flex\">\n<div class=\"wp-block-column is-layout-flow wp-block-column-is-layout-flow\">\n<figure class=\"wp-block-image size-full is-resized\"><img decoding=\"async\" width=\"597\" height=\"597\" class=\"wp-image-1472\" style=\"width: 299px; height: 155px;\" src=\"https:\/\/retour-affectif-puissant.com\/wp-content\/uploads\/2022\/09\/125843835.jpg\" alt=\"Retour de l'\u00eatre aim\u00e9 de la magie blanche d'amour efficace\" srcset=\"https:\/\/retour-affectif-puissant.com\/wp-content\/uploads\/2022\/09\/125843835.jpg 597w, https:\/\/retour-affectif-puissant.com\/wp-content\/uploads\/2022\/09\/125843835-300x300.jpg 300w, https:\/\/retour-affectif-puissant.com\/wp-content\/uploads\/2022\/09\/125843835-100x100.jpg 100w, https:\/\/retour-affectif-puissant.com\/wp-content\/uploads\/2022\/09\/125843835-150x150.jpg 150w\" sizes=\"(max-width: 597px) 100vw, 597px\" \/><\/figure>\n<\/div>\n\n<div class=\"wp-block-column is-layout-flow wp-block-column-is-layout-flow\">\n<p>Ce rituel puissant donne de l&rsquo;\u00e9lan \u00e0 une harmonisation des relations amoureuses, les sentiments se d\u00e9veloppent naturellement, sans contrainte et efficacement.<\/p>\n<\/div>\n<\/div>\n\n<p>Vous qui \u00eates d\u00e9sesp\u00e9r\u00e9 parce que votre mari ou votre femme s\u2019est s\u00e9par\u00e9 de vous-m\u00eame en cas de divorce il y a 3 ans<\/p>\n\n<p class=\"has-text-align-center\">Moi je mets 7 jours et votre mari ou femme rejoindra votre foyer<\/p>\n\n<p>Vous souhaitez le retour imm\u00e9diat de l&rsquo;\u00eatre aim\u00e9 ? Fid\u00e9lit\u00e9 entre \u00e9poux ? Vous d\u00e9sirez sauver votre couple ? Vous souhaitez le retour de votre ex-conjoint ? Les interventions occultes dans le mariage sans aucun danger pour vous-m\u00eame ou vos proches. Nous pourrons vous aider \u00e0 exaucer vos souhaits les plus intimes et l\u00e9gitimes.<\/p>\n\n<p>En somme ce <a href=\"https:\/\/retour-affectif-puissant.com\/\" target=\"_blank\" rel=\"noreferrer noopener\">Voyant<\/a><a href=\"https:\/\/marabout-paiement-apres-resultat.com\/\" target=\"_blank\" rel=\"noopener\"> Marabout<\/a> de rituel puissant de <a href=\"https:\/\/retour-affectif-puissant.com\/\">retour de l&rsquo;\u00eatre aim\u00e9 <\/a> peut devenir le sp\u00e9cialiste personnel de votre c\u0153ur. Sa vaste palette de techniques magiques, occultes, spirituelles et religieuses se mettent au service de votre amour.<\/p>\n\n<p><strong>Num\u00e9ro WhatsApp+ 33 6 02 92 59 45 <\/strong><\/p>\n\t\t\t\t\t\t\t\t<\/div>\n\t\t\t\t<\/div>\n\t\t\t\t\t<\/div>\n\t\t<\/div>\n\t\t\t\t\t<\/div>\n\t\t<\/section>\n\t\t\t\t<\/div>\n\t\t","protected":false},"excerpt":{"rendered":"<p>Rituel puissant de retour de l&rsquo;\u00eatre aim\u00e9 Pour commencer ce rituel puissant de retour de l&rsquo;\u00eatre aim\u00e9 fait partie des plus grand rituel principal demander par l&rsquo;homme ou la femme pour sauver son couple. Premi\u00e8rement beaucoup de couple on des s\u00e9paration \u00e0 cause simple manque d&rsquo;affection ou parfois par l\u2019infid\u00e9lit\u00e9 ou d&rsquo;autre probl\u00e8me. Mais par se m\u00eame rituel beaucoup son d\u00e9courager parce qu&rsquo;ils ont tout faire pour ramener leur conjoint mais ils n&rsquo;ont jamais eu de retour. Mais laisser moi vous dire vous avez encore une seconde chance pour rattraper se qui a \u00e9t\u00e9 perdue depuis un certains temps. En effet le retour de l&rsquo;\u00eatre aim\u00e9, si vous pensez qu&rsquo;il n&rsquo;y a plus de solution \u00e0 vos probl\u00e8mes. Alors sachez que je peux encore vous aider \u00e0 trouver la solution adapt\u00e9e. Tr\u00e8s connu pour mon excellent travail et l&rsquo;efficacit\u00e9 de mes dons. Je poss\u00e8de une bonne r\u00e9putation dans le but de trouver une solution \u00e0 vos probl\u00e8mes d&rsquo;amour. Comment r\u00e9cup\u00e9rer l&rsquo;\u00eatre aim\u00e9 gr\u00e2ce \u00e0 un rituel puissant Ce rituel puissant donne de l&rsquo;\u00e9lan \u00e0 une harmonisation des relations amoureuses, les sentiments se d\u00e9veloppent naturellement, sans contrainte et efficacement. Vous qui \u00eates d\u00e9sesp\u00e9r\u00e9 parce que votre mari ou votre femme s\u2019est s\u00e9par\u00e9 de vous-m\u00eame en cas de divorce il y a 3 ans Moi je mets 7 jours et votre mari ou femme rejoindra votre foyer Vous souhaitez le retour imm\u00e9diat de l&rsquo;\u00eatre aim\u00e9 ? Fid\u00e9lit\u00e9 entre \u00e9poux ? Vous d\u00e9sirez sauver votre couple ? Vous souhaitez le retour de votre ex-conjoint ? Les interventions occultes dans le mariage sans aucun danger pour vous-m\u00eame ou vos proches. Nous pourrons vous aider \u00e0 exaucer vos souhaits les plus intimes et l\u00e9gitimes. En somme ce Voyant Marabout de rituel puissant de retour de l&rsquo;\u00eatre aim\u00e9 peut devenir le sp\u00e9cialiste personnel de votre c\u0153ur. Sa vaste palette de techniques magiques, occultes, spirituelles et religieuses se mettent au service de votre amour. Num\u00e9ro WhatsApp+ 33 6 02 92 59 45<\/p>\n","protected":false},"author":1,"featured_media":0,"parent":0,"menu_order":0,"comment_status":"closed","ping_status":"open","template":"","meta":{"advanced_seo_description":"","jetpack_seo_html_title":"","jetpack_seo_noindex":false,"_joinchat":[],"footnotes":""},"class_list":["post-2","page","type-page","status-publish","hentry"],"jetpack_sharing_enabled":true,"jetpack_likes_enabled":true,"_links":{"self":[{"href":"https:\/\/retour-affectif-puissant.com\/index.php\/wp-json\/wp\/v2\/pages\/2","targetHints":{"allow":["GET"]}}],"collection":[{"href":"https:\/\/retour-affectif-puissant.com\/index.php\/wp-json\/wp\/v2\/pages"}],"about":[{"href":"https:\/\/retour-affectif-puissant.com\/index.php\/wp-json\/wp\/v2\/types\/page"}],"author":[{"embeddable":true,"href":"https:\/\/retour-affectif-puissant.com\/index.php\/wp-json\/wp\/v2\/users\/1"}],"replies":[{"embeddable":true,"href":"https:\/\/retour-affectif-puissant.com\/index.php\/wp-json\/wp\/v2\/comments?post=2"}],"version-history":[{"count":10,"href":"https:\/\/retour-affectif-puissant.com\/index.php\/wp-json\/wp\/v2\/pages\/2\/revisions"}],"predecessor-version":[{"id":26075,"href":"https:\/\/retour-affectif-puissant.com\/index.php\/wp-json\/wp\/v2\/pages\/2\/revisions\/26075"}],"wp:attachment":[{"href":"https:\/\/retour-affectif-puissant.com\/index.php\/wp-json\/wp\/v2\/media?parent=2"}],"curies":[{"name":"wp","href":"https:\/\/api.w.org\/{rel}","templated":true}]}}